{"id":1434,"date":"2014-11-06T19:11:09","date_gmt":"2014-11-06T18:11:09","guid":{"rendered":"http:\/\/www.tsv-muenchingen-turnen.de\/wordpress\/?page_id=1434"},"modified":"2021-11-05T14:52:35","modified_gmt":"2021-11-05T13:52:35","slug":"1434-2","status":"publish","type":"page","link":"https:\/\/www.tsv-muenchingen-turnen.de\/wordpress\/?page_id=1434","title":{"rendered":"Turnzwerge"},"content":{"rendered":"<p style=\"text-align: justify;\"><strong><a href=\"https:\/\/www.tsv-muenchingen-turnen.de\/wordpress\/wp-content\/uploads\/2014\/10\/turni2.jpg\"><img loading=\"lazy\" decoding=\"async\" class=\"alignleft size-full wp-image-1415\" src=\"https:\/\/www.tsv-muenchingen-turnen.de\/wordpress\/wp-content\/uploads\/2014\/10\/turni2.jpg\" alt=\"turni2\" width=\"146\" height=\"194\"><\/a>&#8222;&#8218;Turnzwerge&#8220; &#8211; f\u00fcr Kinder mit Eltern ab 1,5-2,5 Jahre<\/strong><\/p>\n<p style=\"text-align: justify;\">Der TSV M\u00fcnchingen bietet immer&nbsp; <strong><span style=\"color: #ff0000;\">montags <\/span><\/strong><span style=\"color: #000000;\">in der Zeit von<\/span> 16.00- 17.30 Uhr in der&nbsp;<a href=\"https:\/\/www.google.de\/maps\/place\/Sporthalle\/@48.8543032,9.0917934,14z\/data=!4m5!1m2!2m1!1ssporthalle+m%C3%BCnchingen!3m1!1s0x0000000000000000:0x84015f3e8e05f955?expflags=enable_star_based_justifications:true&amp;hl=de\" target=\"_blank\" rel=\"noopener\">Sporthalle M\u00fcnchingen (Kornwestheimerstr.)<\/a> ein Angebot f\u00fcr <strong>Kleinkinder mit Eltern<\/strong> und dem \u00dcbungsleiterinnen <strong>Kerstin Schwarz <\/strong>und <strong>Lisa Grupp.<br \/>\n<\/strong><\/p>\n<p style=\"text-align: justify;\"><!--more--><\/p>\n<p style=\"text-align: justify;\">Die &#8222;Turnzwerge&#8220; sind Kinder von 1,5- 2,5 Jahre. Die Kinder lernen gemeinsam mit ihren Eltern und anderen Familien die Vielfalt des Kinderturnens kennen. Hierbei steht das Sammeln vielseitiger Bewegungserfahrungen mit und ohne Materialien\/Ger\u00e4ten im Vordergrund. Vom Fingerspiel zum Bewegungslied, vom kleinen Spiel mit Alltagsmaterialien bis hin zum Kennenlernen von Bewegungslandschaften. Der Spa\u00df wird hier nicht zu kurz kommen.<\/p>\n<p>Die <strong>Trainingszeiten<\/strong> sind:<\/p>\n<table border=\"0\">\n<tbody>\n<tr>\n<td>Montag<\/td>\n<td><a title=\"Lage der Sporthalle in M\u00fcnchingen\" href=\"https:\/\/maps.google.de\/maps?expflags=enable_star_based_justifications:true&amp;ie=UTF8&amp;cid=9511988610258565461&amp;q=Sporthalle&amp;iwloc=A&amp;gl=DE&amp;hl=de\" target=\"_blank\" rel=\"noopener\">Sporthalle M\u00fcnchingen<\/a>&#8211; Fortgeschrittene<\/td>\n<td>&nbsp;16:00 \u2013 17:30 Uhr<\/td>\n<\/tr>\n<\/tbody>\n<\/table>\n<p><strong>\u00dcbungsleiterinnen:&nbsp; Kerstin Schwarz, Lisa Grupp<\/strong><\/p>\n<p><a href=\"https:\/\/www.tsv-muenchingen-turnen.de\/wordpress\/wp-content\/uploads\/2014\/10\/copy-turni.jpg\"><img loading=\"lazy\" decoding=\"async\" class=\"alignnone size-full wp-image-1421\" src=\"https:\/\/www.tsv-muenchingen-turnen.de\/wordpress\/wp-content\/uploads\/2014\/10\/copy-turni.jpg\" alt=\"copy-turni.jpg\" width=\"708\" height=\"141\" srcset=\"https:\/\/www.tsv-muenchingen-turnen.de\/wordpress\/wp-content\/uploads\/2014\/10\/copy-turni.jpg 708w, https:\/\/www.tsv-muenchingen-turnen.de\/wordpress\/wp-content\/uploads\/2014\/10\/copy-turni-300x59.jpg 300w\" sizes=\"auto, (max-width: 708px) 100vw, 708px\" \/><\/a><\/p>\n","protected":false},"excerpt":{"rendered":"<p>&#8222;&#8218;Turnzwerge&#8220; &#8211; f\u00fcr Kinder mit Eltern ab 1,5-2,5 Jahre Der TSV M\u00fcnchingen bietet immer&nbsp; montags in der Zeit von 16.00- 17.30 Uhr in der&nbsp;Sporthalle M\u00fcnchingen (Kornwestheimerstr.) ein Angebot f\u00fcr Kleinkinder mit Eltern und dem \u00dcbungsleiterinnen Kerstin Schwarz und Lisa Grupp.<\/p>\n","protected":false},"author":3,"featured_media":0,"parent":98,"menu_order":0,"comment_status":"closed","ping_status":"open","template":"","meta":{"ngg_post_thumbnail":0,"footnotes":""},"class_list":["post-1434","page","type-page","status-publish","hentry"],"publishpress_future_action":{"enabled":false,"date":"2026-05-08 17:36:36","action":"change-status","newStatus":"draft","terms":[],"taxonomy":"","extraData":[]},"publishpress_future_workflow_manual_trigger":{"enabledWorkflows":[]},"_links":{"self":[{"href":"https:\/\/www.tsv-muenchingen-turnen.de\/wordpress\/index.php?rest_route=\/wp\/v2\/pages\/1434","targetHints":{"allow":["GET"]}}],"collection":[{"href":"https:\/\/www.tsv-muenchingen-turnen.de\/wordpress\/index.php?rest_route=\/wp\/v2\/pages"}],"about":[{"href":"https:\/\/www.tsv-muenchingen-turnen.de\/wordpress\/index.php?rest_route=\/wp\/v2\/types\/page"}],"author":[{"embeddable":true,"href":"https:\/\/www.tsv-muenchingen-turnen.de\/wordpress\/index.php?rest_route=\/wp\/v2\/users\/3"}],"replies":[{"embeddable":true,"href":"https:\/\/www.tsv-muenchingen-turnen.de\/wordpress\/index.php?rest_route=%2Fwp%2Fv2%2Fcomments&post=1434"}],"version-history":[{"count":15,"href":"https:\/\/www.tsv-muenchingen-turnen.de\/wordpress\/index.php?rest_route=\/wp\/v2\/pages\/1434\/revisions"}],"predecessor-version":[{"id":6920,"href":"https:\/\/www.tsv-muenchingen-turnen.de\/wordpress\/index.php?rest_route=\/wp\/v2\/pages\/1434\/revisions\/6920"}],"up":[{"embeddable":true,"href":"https:\/\/www.tsv-muenchingen-turnen.de\/wordpress\/index.php?rest_route=\/wp\/v2\/pages\/98"}],"wp:attachment":[{"href":"https:\/\/www.tsv-muenchingen-turnen.de\/wordpress\/index.php?rest_route=%2Fwp%2Fv2%2Fmedia&parent=1434"}],"curies":[{"name":"wp","href":"https:\/\/api.w.org\/{rel}","templated":true}]}}