{"id":7883,"date":"2024-11-03T13:47:38","date_gmt":"2024-11-03T12:47:38","guid":{"rendered":"https:\/\/www.tsv-muenchingen-turnen.de\/wordpress\/?page_id=7883"},"modified":"2024-11-03T13:48:58","modified_gmt":"2024-11-03T12:48:58","slug":"erklaerung-zur-barrierefreiheit","status":"publish","type":"page","link":"https:\/\/www.tsv-muenchingen-turnen.de\/wordpress\/?page_id=7883","title":{"rendered":"Erkl\u00e4rung zur Barrierefreiheit"},"content":{"rendered":"<p>Die EU-Richtlinie 2102 \u00fcber den barrierefreien Zugang zu den Websites und mobilen Anwendungen \u00f6ffentlicher Stellen verpflichtet \u00f6ffentliche Stellen in der gesamten EU, ihre Websites und mobilen Anwendungen barrierefrei zu gestalten und eine Erkl\u00e4rung zur Barrierefreiheit zu ver\u00f6ffentlichen. Als Erg\u00e4nzung zu dieser Erkl\u00e4rung haben wir den folgenden Text vorbereitet:<\/p>\n<div aria-hidden=\"true\">\n<hr>\n<\/div>\n<p>Diese Website verwendet die Software Eye-Able\u00ae der Firma Web Inclusion GmbH, um Nutzern*innen eine barriere-reduzierte Ansicht der visuellen Inhalte zu erm\u00f6glichen. Eye-Able\u00ae hilft, die Website an die individuellen Bed\u00fcrfnisse der Besucher*innen anzupassen. Zum Funktionsumfang von Eye-Able\u00ae geh\u00f6ren:<br \/>\n\u2022 eine adaptive Schriftvergr\u00f6\u00dferung,<br \/>\n\u2022 eine freie Anpassung der Farbkontraste,<br \/>\n\u2022 eine Vorlesefunktion mit integrierter Tastatur-Navigation,<br \/>\n\u2022 ein Blaufilter,<br \/>\n\u2022 ein Nachtmodus,<br \/>\n\u2022 eine Sofortansicht zur Verbindung mehrerer Funktionen,<br \/>\n\u2022 eine Kompensation von Farbschw\u00e4chen sowie<br \/>\n\u2022 weitere Funktionen f\u00fcr eine individuelle Ansicht der Website wie ein gr\u00f6\u00dferer Mauszeiger, serifenlose Schrift sowie das Ausblenden von Bildern, Animationen und Ton<\/p>\n<p>Zur Bedienung kann das zugeh\u00f6rige Men\u00fc \u00fcber einen Klick auf das Eye- Able\u00ae-Icon oder mit dem Tastaturk\u00fcrzel \u201eALT + 1\u201c ge\u00f6ffnet werden. Alle Funktionen k\u00f6nnen auch mit der Tastatur gesteuert werden (Anleitung \u00fcber \u201eALT + F1\u201c). Mehr Informationen finden Sie unter: www.eye-able.com<\/p>\n<p>Eye-Able ist BITV\/WCAG konform getestet. Eine Zusammenfassung des Pr\u00fcfberichts kann unter folgendem Link eingesehen werden: <a href=\"https:\/\/services.eye-able.com\/wp-content\/uploads\/2023\/07\/BITV-Report-Eye-Able%C2%AE-1.pdf\"><u>Eye-Able Pr\u00fcfbericht<\/u><\/a><\/p>\n<hr>\n<p><strong>Die Turnabteilung des TSV-M\u00fcnchingen 1925 e.V. bedankt sich bei der Firma Eye-Able f\u00fcr die \u00dcberlassung von Eye-Able.<\/strong><\/p>\n<p>&nbsp;<\/p>\n","protected":false},"excerpt":{"rendered":"<p>Die EU-Richtlinie 2102 \u00fcber den barrierefreien Zugang zu den Websites und mobilen Anwendungen \u00f6ffentlicher Stellen verpflichtet \u00f6ffentliche Stellen in der gesamten EU, ihre Websites und mobilen Anwendungen barrierefrei zu gestalten und eine Erkl\u00e4rung zur Barrierefreiheit zu ver\u00f6ffentlichen. Als Erg\u00e4nzung zu dieser Erkl\u00e4rung haben wir den folgenden Text vorbereitet: Diese Website verwendet die Software Eye-Able\u00ae der [&hellip;]<\/p>\n","protected":false},"author":3,"featured_media":0,"parent":0,"menu_order":0,"comment_status":"closed","ping_status":"closed","template":"","meta":{"ngg_post_thumbnail":0,"footnotes":""},"class_list":["post-7883","page","type-page","status-publish","hentry"],"publishpress_future_action":{"enabled":false,"date":"2026-04-23 23:39:17","action":"change-status","newStatus":"draft","terms":[],"taxonomy":"","extraData":[]},"publishpress_future_workflow_manual_trigger":{"enabledWorkflows":[]},"_links":{"self":[{"href":"https:\/\/www.tsv-muenchingen-turnen.de\/wordpress\/index.php?rest_route=\/wp\/v2\/pages\/7883","targetHints":{"allow":["GET"]}}],"collection":[{"href":"https:\/\/www.tsv-muenchingen-turnen.de\/wordpress\/index.php?rest_route=\/wp\/v2\/pages"}],"about":[{"href":"https:\/\/www.tsv-muenchingen-turnen.de\/wordpress\/index.php?rest_route=\/wp\/v2\/types\/page"}],"author":[{"embeddable":true,"href":"https:\/\/www.tsv-muenchingen-turnen.de\/wordpress\/index.php?rest_route=\/wp\/v2\/users\/3"}],"replies":[{"embeddable":true,"href":"https:\/\/www.tsv-muenchingen-turnen.de\/wordpress\/index.php?rest_route=%2Fwp%2Fv2%2Fcomments&post=7883"}],"version-history":[{"count":3,"href":"https:\/\/www.tsv-muenchingen-turnen.de\/wordpress\/index.php?rest_route=\/wp\/v2\/pages\/7883\/revisions"}],"predecessor-version":[{"id":7886,"href":"https:\/\/www.tsv-muenchingen-turnen.de\/wordpress\/index.php?rest_route=\/wp\/v2\/pages\/7883\/revisions\/7886"}],"wp:attachment":[{"href":"https:\/\/www.tsv-muenchingen-turnen.de\/wordpress\/index.php?rest_route=%2Fwp%2Fv2%2Fmedia&parent=7883"}],"curies":[{"name":"wp","href":"https:\/\/api.w.org\/{rel}","templated":true}]}}